{"id":165,"date":"2026-02-08T10:44:23","date_gmt":"2026-02-08T10:44:23","guid":{"rendered":"https:\/\/test.formumform.ch\/?page_id=165"},"modified":"2026-02-08T10:48:36","modified_gmt":"2026-02-08T10:48:36","slug":"naturfarben","status":"publish","type":"page","link":"https:\/\/test.formumform.ch\/index.php\/naturfarben\/","title":{"rendered":"Naturfarben"},"content":{"rendered":"\n<div class=\"wp-block-group is-layout-constrained wp-block-group-is-layout-constrained\">\n<div class=\"wp-block-cover\"><img loading=\"lazy\" decoding=\"async\" width=\"1000\" height=\"500\" class=\"wp-block-cover__image-background wp-image-61\" alt=\"\" src=\"https:\/\/test.formumform.ch\/wp-content\/uploads\/2025\/06\/IMG_9329_Home.jpg\" style=\"object-position:67% 62%\" data-object-fit=\"cover\" data-object-position=\"67% 62%\" srcset=\"https:\/\/test.formumform.ch\/wp-content\/uploads\/2025\/06\/IMG_9329_Home.jpg 1000w, https:\/\/test.formumform.ch\/wp-content\/uploads\/2025\/06\/IMG_9329_Home-300x150.jpg 300w, https:\/\/test.formumform.ch\/wp-content\/uploads\/2025\/06\/IMG_9329_Home-768x384.jpg 768w\" sizes=\"auto, (max-width: 1000px) 100vw, 1000px\" \/><span aria-hidden=\"true\" class=\"wp-block-cover__background has-background-dim-0 has-background-dim\"><\/span><div class=\"wp-block-cover__inner-container is-layout-flow wp-block-cover-is-layout-flow\">\n<div class=\"wp-block-group has-medium-font-size is-content-justification-right is-layout-constrained wp-container-core-group-is-layout-bc933ec8 wp-block-group-is-layout-constrained\">\n<blockquote class=\"wp-block-quote has-secondary-color has-text-color has-link-color wp-elements-1351f78f42f5f64ca25402bf700d8fe4 is-layout-flow wp-block-quote-is-layout-flow\">\n<p class=\"has-secondary-color has-text-color has-link-color has-medium-font-size wp-elements-f08b056fab258606d9daff382cb25df2\"><strong>Weben ist aufbauen, konstruieren von geordneten Gebilden aus ungeordneten F\u00e4den.<\/strong><\/p>\n<cite><strong>Gunta St\u00f6lzl<\/strong><\/cite><\/blockquote>\n<\/div>\n<\/div><\/div>\n<\/div>\n\n\n\n<p>In diesem Sinn arbeite ich mit Material und Bindung&nbsp;(Art der Fadenverkreuzung\/ Gewebetechnik). In Kombination mit Shibori f\u00fchrt es zu stark strukturierten, ja skulpturalen Geweben und Objekten. Die Nachbehandlung und Veredlung l\u00e4sst Stoffe entstehen,&nbsp;die durch ihre Farbgebung und Struktur&nbsp;lebendig werden.<\/p>\n\n\n\n<p>Bei der Entwicklung von Produkten m\u00fcssen Funktonalit\u00e4t und Design zu einem Ganzen werden, erst dann wird das St\u00fcck zu einem wertigen, langlebigen Begleiter.<\/p>\n\n\n\n<figure class=\"wp-block-gallery has-nested-images columns-default is-cropped wp-block-gallery-1 is-layout-flex wp-block-gallery-is-layout-flex\">\n<figure data-wp-context=\"{&quot;imageId&quot;:&quot;69e37bdd17532&quot;}\" data-wp-interactive=\"core\/image\" data-wp-key=\"69e37bdd17532\" class=\"wp-block-image size-large wp-lightbox-container\"><img loading=\"lazy\" decoding=\"async\" width=\"301\" height=\"200\" data-wp-class--hide=\"state.isContentHidden\" data-wp-class--show=\"state.isContentVisible\" data-wp-init=\"callbacks.setButtonStyles\" data-wp-on--click=\"actions.showLightbox\" data-wp-on--load=\"callbacks.setButtonStyles\" data-wp-on-window--resize=\"callbacks.setButtonStyles\" data-id=\"67\" src=\"https:\/\/test.formumform.ch\/wp-content\/uploads\/2025\/06\/image6.jpeg\" alt=\"\" class=\"wp-image-67\"\/><button\n\t\t\tclass=\"lightbox-trigger\"\n\t\t\ttype=\"button\"\n\t\t\taria-haspopup=\"dialog\"\n\t\t\taria-label=\"Vergr\u00f6\u00dfern\"\n\t\t\tdata-wp-init=\"callbacks.initTriggerButton\"\n\t\t\tdata-wp-on--click=\"actions.showLightbox\"\n\t\t\tdata-wp-style--right=\"state.imageButtonRight\"\n\t\t\tdata-wp-style--top=\"state.imageButtonTop\"\n\t\t>\n\t\t\t<svg xmlns=\"http:\/\/www.w3.org\/2000\/svg\" width=\"12\" height=\"12\" fill=\"none\" viewBox=\"0 0 12 12\">\n\t\t\t\t<path fill=\"#fff\" d=\"M2 0a2 2 0 0 0-2 2v2h1.5V2a.5.5 0 0 1 .5-.5h2V0H2Zm2 10.5H2a.5.5 0 0 1-.5-.5V8H0v2a2 2 0 0 0 2 2h2v-1.5ZM8 12v-1.5h2a.5.5 0 0 0 .5-.5V8H12v2a2 2 0 0 1-2 2H8Zm2-12a2 2 0 0 1 2 2v2h-1.5V2a.5.5 0 0 0-.5-.5H8V0h2Z\" \/>\n\t\t\t<\/svg>\n\t\t<\/button><\/figure>\n\n\n\n<figure data-wp-context=\"{&quot;imageId&quot;:&quot;69e37bdd1787a&quot;}\" data-wp-interactive=\"core\/image\" data-wp-key=\"69e37bdd1787a\" class=\"wp-block-image size-large wp-lightbox-container\"><img loading=\"lazy\" decoding=\"async\" width=\"522\" height=\"348\" data-wp-class--hide=\"state.isContentHidden\" data-wp-class--show=\"state.isContentVisible\" data-wp-init=\"callbacks.setButtonStyles\" data-wp-on--click=\"actions.showLightbox\" data-wp-on--load=\"callbacks.setButtonStyles\" data-wp-on-window--resize=\"callbacks.setButtonStyles\" data-id=\"76\" src=\"https:\/\/test.formumform.ch\/wp-content\/uploads\/2025\/06\/image8.jpeg\" alt=\"\" class=\"wp-image-76\" srcset=\"https:\/\/test.formumform.ch\/wp-content\/uploads\/2025\/06\/image8.jpeg 522w, https:\/\/test.formumform.ch\/wp-content\/uploads\/2025\/06\/image8-300x200.jpeg 300w\" sizes=\"auto, (max-width: 522px) 100vw, 522px\" \/><button\n\t\t\tclass=\"lightbox-trigger\"\n\t\t\ttype=\"button\"\n\t\t\taria-haspopup=\"dialog\"\n\t\t\taria-label=\"Vergr\u00f6\u00dfern\"\n\t\t\tdata-wp-init=\"callbacks.initTriggerButton\"\n\t\t\tdata-wp-on--click=\"actions.showLightbox\"\n\t\t\tdata-wp-style--right=\"state.imageButtonRight\"\n\t\t\tdata-wp-style--top=\"state.imageButtonTop\"\n\t\t>\n\t\t\t<svg xmlns=\"http:\/\/www.w3.org\/2000\/svg\" width=\"12\" height=\"12\" fill=\"none\" viewBox=\"0 0 12 12\">\n\t\t\t\t<path fill=\"#fff\" d=\"M2 0a2 2 0 0 0-2 2v2h1.5V2a.5.5 0 0 1 .5-.5h2V0H2Zm2 10.5H2a.5.5 0 0 1-.5-.5V8H0v2a2 2 0 0 0 2 2h2v-1.5ZM8 12v-1.5h2a.5.5 0 0 0 .5-.5V8H12v2a2 2 0 0 1-2 2H8Zm2-12a2 2 0 0 1 2 2v2h-1.5V2a.5.5 0 0 0-.5-.5H8V0h2Z\" \/>\n\t\t\t<\/svg>\n\t\t<\/button><\/figure>\n\n\n\n<figure data-wp-context=\"{&quot;imageId&quot;:&quot;69e37bdd17a63&quot;}\" data-wp-interactive=\"core\/image\" data-wp-key=\"69e37bdd17a63\" class=\"wp-block-image size-large wp-lightbox-container\"><img loading=\"lazy\" decoding=\"async\" width=\"351\" height=\"260\" data-wp-class--hide=\"state.isContentHidden\" data-wp-class--show=\"state.isContentVisible\" data-wp-init=\"callbacks.setButtonStyles\" data-wp-on--click=\"actions.showLightbox\" data-wp-on--load=\"callbacks.setButtonStyles\" data-wp-on-window--resize=\"callbacks.setButtonStyles\" data-id=\"75\" src=\"https:\/\/test.formumform.ch\/wp-content\/uploads\/2025\/06\/image7.jpeg\" alt=\"\" class=\"wp-image-75\" srcset=\"https:\/\/test.formumform.ch\/wp-content\/uploads\/2025\/06\/image7.jpeg 351w, https:\/\/test.formumform.ch\/wp-content\/uploads\/2025\/06\/image7-300x222.jpeg 300w\" sizes=\"auto, (max-width: 351px) 100vw, 351px\" \/><button\n\t\t\tclass=\"lightbox-trigger\"\n\t\t\ttype=\"button\"\n\t\t\taria-haspopup=\"dialog\"\n\t\t\taria-label=\"Vergr\u00f6\u00dfern\"\n\t\t\tdata-wp-init=\"callbacks.initTriggerButton\"\n\t\t\tdata-wp-on--click=\"actions.showLightbox\"\n\t\t\tdata-wp-style--right=\"state.imageButtonRight\"\n\t\t\tdata-wp-style--top=\"state.imageButtonTop\"\n\t\t>\n\t\t\t<svg xmlns=\"http:\/\/www.w3.org\/2000\/svg\" width=\"12\" height=\"12\" fill=\"none\" viewBox=\"0 0 12 12\">\n\t\t\t\t<path fill=\"#fff\" d=\"M2 0a2 2 0 0 0-2 2v2h1.5V2a.5.5 0 0 1 .5-.5h2V0H2Zm2 10.5H2a.5.5 0 0 1-.5-.5V8H0v2a2 2 0 0 0 2 2h2v-1.5ZM8 12v-1.5h2a.5.5 0 0 0 .5-.5V8H12v2a2 2 0 0 1-2 2H8Zm2-12a2 2 0 0 1 2 2v2h-1.5V2a.5.5 0 0 0-.5-.5H8V0h2Z\" \/>\n\t\t\t<\/svg>\n\t\t<\/button><\/figure>\n<\/figure>\n\n\n\n<p><em>\u201eIch bin fasziniert was f\u00fcr Stoffe aus einem einfachen Faden entstehen k\u00f6nnen\u201c<\/em><\/p>\n\n\n\n<p><em>Die Kollektionen aus Wolle bringen die spezifischen Qualit\u00e4ten dieses Naturrohstoffs in allen Facetten zur Geltung:&nbsp;&nbsp;w\u00e4rmeregulierend, weich, elastisch, schmutzabweisend, nachhaltig.<\/em><\/p>\n\n\n\nngg_shortcode_0_placeholder\n","protected":false},"excerpt":{"rendered":"<p>In diesem Sinn arbeite ich mit Material und Bindung&nbsp;(Art der Fadenverkreuzung\/ Gewebetechnik). In Kombination mit Shibori f\u00fchrt es zu stark strukturierten, ja skulpturalen Geweben und Objekten. Die Nachbehandlung und Veredlung l\u00e4sst Stoffe entstehen,&nbsp;die durch ihre Farbgebung und Struktur&nbsp;lebendig werden. Bei der Entwicklung von Produkten m\u00fcssen Funktonalit\u00e4t und Design zu einem Ganzen werden, erst dann wird [&hellip;]<\/p>\n","protected":false},"author":1,"featured_media":0,"parent":0,"menu_order":3,"comment_status":"closed","ping_status":"closed","template":"","meta":{"ngg_post_thumbnail":0,"footnotes":""},"class_list":["post-165","page","type-page","status-publish","hentry"],"_links":{"self":[{"href":"https:\/\/test.formumform.ch\/index.php\/wp-json\/wp\/v2\/pages\/165","targetHints":{"allow":["GET"]}}],"collection":[{"href":"https:\/\/test.formumform.ch\/index.php\/wp-json\/wp\/v2\/pages"}],"about":[{"href":"https:\/\/test.formumform.ch\/index.php\/wp-json\/wp\/v2\/types\/page"}],"author":[{"embeddable":true,"href":"https:\/\/test.formumform.ch\/index.php\/wp-json\/wp\/v2\/users\/1"}],"replies":[{"embeddable":true,"href":"https:\/\/test.formumform.ch\/index.php\/wp-json\/wp\/v2\/comments?post=165"}],"version-history":[{"count":1,"href":"https:\/\/test.formumform.ch\/index.php\/wp-json\/wp\/v2\/pages\/165\/revisions"}],"predecessor-version":[{"id":166,"href":"https:\/\/test.formumform.ch\/index.php\/wp-json\/wp\/v2\/pages\/165\/revisions\/166"}],"wp:attachment":[{"href":"https:\/\/test.formumform.ch\/index.php\/wp-json\/wp\/v2\/media?parent=165"}],"curies":[{"name":"wp","href":"https:\/\/api.w.org\/{rel}","templated":true}]}}